{"id":4176,"date":"2025-09-22T19:57:04","date_gmt":"2025-09-22T19:57:04","guid":{"rendered":"https:\/\/mikujy.antweb.io\/index.php\/ateliers\/"},"modified":"2026-01-08T10:36:13","modified_gmt":"2026-01-08T10:36:13","slug":"ateliers","status":"publish","type":"page","link":"https:\/\/mikujy.antweb.io\/fr\/index.php\/ateliers\/","title":{"rendered":"Ateliers"},"content":{"rendered":"\t\t<div data-elementor-type=\"wp-page\" data-elementor-id=\"4176\" class=\"elementor elementor-4176 elementor-1666\" data-elementor-post-type=\"page\">\n\t\t\t\t<div class=\"elementor-element elementor-element-5eebddd e-con-full e-flex e-con e-parent\" data-id=\"5eebddd\" data-element_type=\"container\" data-settings=\"{&quot;background_background&quot;:&quot;classic&quot;}\">\n\t\t<div class=\"elementor-element elementor-element-972faa0 gradient-bg m-0 e-flex e-con-boxed e-con e-child\" data-id=\"972faa0\" data-element_type=\"container\" data-settings=\"{&quot;background_background&quot;:&quot;classic&quot;}\">\n\t\t\t\t\t<div class=\"e-con-inner\">\n\t\t\t\t<div class=\"elementor-element elementor-element-6ff8f34 elementor-widget elementor-widget-banner-content\" data-id=\"6ff8f34\" data-element_type=\"widget\" data-widget_type=\"banner-content.default\">\n\t\t\t\t<div class=\"elementor-widget-container\">\n\t\t\t\t\t\r\n\r\n        <div class=\"banner-content tg-content\">\r\n                            <h2 class=\"title\">Ateliers sur durabilit\u00e9 num\u00e9rique pour la sensibilisation et l'action<\/h2>\r\n            \r\n                    <\/div>\r\n\r\n\t\t\t\t<\/div>\n\t\t\t\t<\/div>\n\t\t\t\t<div class=\"elementor-element elementor-element-acfd653 elementor-widget__width-initial elementor-widget elementor-widget-text-editor\" data-id=\"acfd653\" data-element_type=\"widget\" data-widget_type=\"text-editor.default\">\n\t\t\t\t\t\t\t\t\t<span style=\"color: #ffffff;\">Apprenez les bases de la durabilit\u00e9 num\u00e9rique, comprenez la pollution num\u00e9rique et acqu\u00e9rez les connaissances n\u00e9cessaires pour commencer \u00e0 \u00e9laborer une strat\u00e9gie de durabilit\u00e9 num\u00e9rique.<\/span>\t\t\t\t\t\t\t\t<\/div>\n\t\t\t\t<div class=\"elementor-element elementor-element-99df98c elementor-align-center elementor-widget elementor-widget-button\" data-id=\"99df98c\" data-element_type=\"widget\" data-widget_type=\"button.default\">\n\t\t\t\t\t\t\t\t\t\t<a class=\"elementor-button elementor-button-link elementor-size-sm\" href=\"#\">\n\t\t\t\t\t\t<span class=\"elementor-button-content-wrapper\">\n\t\t\t\t\t\t\t\t\t<span class=\"elementor-button-text\">Contactez nos experts<\/span>\n\t\t\t\t\t<\/span>\n\t\t\t\t\t<\/a>\n\t\t\t\t\t\t\t\t<\/div>\n\t\t\t\t\t<\/div>\n\t\t\t\t<\/div>\n\t\t\t\t<\/div>\n\t\t<div class=\"elementor-element elementor-element-34cacce e-flex e-con-boxed e-con e-parent\" data-id=\"34cacce\" data-element_type=\"container\">\n\t\t\t\t\t<div class=\"e-con-inner\">\n\t\t<div class=\"elementor-element elementor-element-f3f90c0 e-con-full e-flex e-con e-child\" data-id=\"f3f90c0\" data-element_type=\"container\">\n\t\t\t\t<div class=\"elementor-element elementor-element-a75dd4c elementor-widget elementor-widget-heading\" data-id=\"a75dd4c\" data-element_type=\"widget\" data-widget_type=\"heading.default\">\n\t\t\t\t\t<h2 class=\"elementor-heading-title elementor-size-default\">Que se passe-t-il dans nos ateliers ?<\/h2>\t\t\t\t<\/div>\n\t\t\t\t<div class=\"elementor-element elementor-element-bec3d3d elementor-widget__width-initial elementor-widget elementor-widget-text-editor\" data-id=\"bec3d3d\" data-element_type=\"widget\" data-widget_type=\"text-editor.default\">\n\t\t\t\t\t\t\t\t\t<p>Nos ateliers Green IT sont con\u00e7us pour rendre le sujet de la pollution num\u00e9rique clair, captivant et pertinent. En seulement 2 \u00e0 4 heures, les participants explorent l&rsquo;impact environnemental des technologies de l&rsquo;information \u00e0 travers des activit\u00e9s interactives et \u00e9ducatives.<\/p>\t\t\t\t\t\t\t\t<\/div>\n\t\t<div class=\"elementor-element elementor-element-33169c6 e-con-full e-flex e-con e-child\" data-id=\"33169c6\" data-element_type=\"container\">\n\t\t\t\t<div class=\"elementor-element elementor-element-d712975 elementor-widget__width-initial elementor-widget-mobile__width-inherit elementor-widget elementor-widget-image-box\" data-id=\"d712975\" data-element_type=\"widget\" data-widget_type=\"image-box.default\">\n\t\t\t\t\t<div class=\"elementor-image-box-wrapper\"><div class=\"elementor-image-box-content\"><h3 class=\"elementor-image-box-title\">Lancement avec des vid\u00e9os<\/h3><p class=\"elementor-image-box-description\">Des clips qui suscitent la r\u00e9flexion pr\u00e9sentent les bases de la pollution num\u00e9rique et suscitent une discussion ouverte.<\/p><\/div><\/div>\t\t\t\t<\/div>\n\t\t\t\t<div class=\"elementor-element elementor-element-b0e5faa elementor-widget__width-initial elementor-widget-mobile__width-inherit elementor-widget elementor-widget-image-box\" data-id=\"b0e5faa\" data-element_type=\"widget\" data-widget_type=\"image-box.default\">\n\t\t\t\t\t<div class=\"elementor-image-box-wrapper\"><div class=\"elementor-image-box-content\"><h3 class=\"elementor-image-box-title\">Jeu<br> d'\u00e9quipe<\/h3><p class=\"elementor-image-box-description\">De petits groupes participent \u00e0 un exercice ludique mais r\u00e9v\u00e9lateur afin de d\u00e9couvrir les effets r\u00e9els et les opportunit\u00e9s offertes par les technologies num\u00e9riques.<\/p><\/div><\/div>\t\t\t\t<\/div>\n\t\t\t\t<div class=\"elementor-element elementor-element-8a4c1fd elementor-widget__width-initial elementor-widget-mobile__width-inherit elementor-widget elementor-widget-image-box\" data-id=\"8a4c1fd\" data-element_type=\"widget\" data-widget_type=\"image-box.default\">\n\t\t\t\t\t<div class=\"elementor-image-box-wrapper\"><div class=\"elementor-image-box-content\"><h3 class=\"elementor-image-box-title\">Conclusions pratiques<\/h3><p class=\"elementor-image-box-description\">La session se termine par une conversation sur les pratiques simples et quotidiennes qui contribuent \u00e0 r\u00e9duire l'impact num\u00e9rique au travail et \u00e0 la maison.<\/p><\/div><\/div>\t\t\t\t<\/div>\n\t\t\t\t<\/div>\n\t\t\t\t<\/div>\n\t\t\t\t\t<\/div>\n\t\t\t\t<\/div>\n\t\t<div class=\"elementor-element elementor-element-d4f66c5 e-flex e-con-boxed e-con e-parent\" data-id=\"d4f66c5\" data-element_type=\"container\">\n\t\t\t\t\t<div class=\"e-con-inner\">\n\t\t<div class=\"elementor-element elementor-element-b391d9f e-con-full e-flex e-con e-child\" data-id=\"b391d9f\" data-element_type=\"container\" data-settings=\"{&quot;background_background&quot;:&quot;classic&quot;}\">\n\t\t<div class=\"elementor-element elementor-element-3dcaeab e-con-full e-flex e-con e-child\" data-id=\"3dcaeab\" data-element_type=\"container\">\n\t\t\t\t<div class=\"elementor-element elementor-element-760a9df elementor-widget elementor-widget-text-editor\" data-id=\"760a9df\" data-element_type=\"widget\" data-widget_type=\"text-editor.default\">\n\t\t\t\t\t\t\t\t\t<p>Avantages de l&rsquo;atelier<\/p>\t\t\t\t\t\t\t\t<\/div>\n\t\t\t\t<div class=\"elementor-element elementor-element-4b05aa0 elementor-widget__width-initial elementor-widget elementor-widget-heading\" data-id=\"4b05aa0\" data-element_type=\"widget\" data-widget_type=\"heading.default\">\n\t\t\t\t\t<h2 class=\"elementor-heading-title elementor-size-default\">Plus de 600 employ\u00e9s ont \u00e9t\u00e9 form\u00e9s et 95 % d'entre eux recommandent l'atelier \u00e0 leurs coll\u00e8gues !<\/h2>\t\t\t\t<\/div>\n\t\t\t\t<div class=\"elementor-element elementor-element-371a141 elementor-widget__width-initial elementor-widget elementor-widget-text-editor\" data-id=\"371a141\" data-element_type=\"widget\" data-widget_type=\"text-editor.default\">\n\t\t\t\t\t\t\t\t\t<p class=\"MsoNormal\" style=\"mso-margin-top-alt: auto; mso-margin-bottom-alt: auto; line-height: normal; vertical-align: baseline;\">Chaque session est adapt\u00e9e aux besoins de votre entreprise, fournissant des conseils personnalis\u00e9s tout en favorisant une culture de durabilit\u00e9 num\u00e9rique.<\/p>\t\t\t\t\t\t\t\t<\/div>\n\t\t\t\t<\/div>\n\t\t<div class=\"elementor-element elementor-element-26a942b e-con-full e-flex e-con e-child\" data-id=\"26a942b\" data-element_type=\"container\">\n\t\t\t\t<div class=\"elementor-element elementor-element-c35895a elementor-widget elementor-widget-image\" data-id=\"c35895a\" data-element_type=\"widget\" data-widget_type=\"image.default\">\n\t\t\t\t\t\t\t\t\t\t\t\t\t\t\t<img loading=\"lazy\" decoding=\"async\" width=\"1040\" height=\"928\" src=\"https:\/\/mikujy.antweb.io\/wp-content\/uploads\/2025\/09\/Ivan-4.png\" class=\"attachment-full size-full wp-image-2910\" alt=\"\" srcset=\"https:\/\/mikujy.antweb.io\/wp-content\/uploads\/2025\/09\/Ivan-4.png 1040w, https:\/\/mikujy.antweb.io\/wp-content\/uploads\/2025\/09\/Ivan-4-300x268.png 300w, https:\/\/mikujy.antweb.io\/wp-content\/uploads\/2025\/09\/Ivan-4-1024x914.png 1024w, https:\/\/mikujy.antweb.io\/wp-content\/uploads\/2025\/09\/Ivan-4-768x685.png 768w\" sizes=\"auto, (max-width: 1040px) 100vw, 1040px\" \/>\t\t\t\t\t\t\t\t\t\t\t\t\t\t\t<\/div>\n\t\t\t\t<\/div>\n\t\t\t\t<\/div>\n\t\t\t\t\t<\/div>\n\t\t\t\t<\/div>\n\t\t<div class=\"elementor-element elementor-element-4746814 e-flex e-con-boxed e-con e-parent\" data-id=\"4746814\" data-element_type=\"container\">\n\t\t\t\t\t<div class=\"e-con-inner\">\n\t\t\t\t<div class=\"elementor-element elementor-element-2ec0128 elementor-widget elementor-widget-heading\" data-id=\"2ec0128\" data-element_type=\"widget\" data-widget_type=\"heading.default\">\n\t\t\t\t\t<h2 class=\"elementor-heading-title elementor-size-default\">Experts en Green IT<\/h2>\t\t\t\t<\/div>\n\t\t\t\t<div class=\"elementor-element elementor-element-5a60766 elementor-widget__width-initial elementor-widget elementor-widget-text-editor\" data-id=\"5a60766\" data-element_type=\"widget\" data-widget_type=\"text-editor.default\">\n\t\t\t\t\t\t\t\t\t<h2>Vous travaillez directement avec des experts qui rendent la durabilit\u00e9 num\u00e9rique\u00a0 simple et r\u00e9alisable.<\/h2>\t\t\t\t\t\t\t\t<\/div>\n\t\t\t\t<div class=\"elementor-element elementor-element-a8022bb elementor-widget__width-initial elementor-widget elementor-widget-text-editor\" data-id=\"a8022bb\" data-element_type=\"widget\" data-widget_type=\"text-editor.default\">\n\t\t\t\t\t\t\t\t\t<p>Lorsque vous travaillez avec MIKUJY, vos seuls interlocuteurs sont nos experts. Des professionnels exp\u00e9riment\u00e9s et form\u00e9s \u00e0 la durabilit\u00e9 num\u00e9rique\u00a0 qui vous accompagnent du d\u00e9but \u00e0 la fin de votre projet. Sans interm\u00e9diaires, sans consultants g\u00e9n\u00e9riques.<\/p>\t\t\t\t\t\t\t\t<\/div>\n\t\t<div class=\"elementor-element elementor-element-a1f834a e-con-full e-flex e-con e-child\" data-id=\"a1f834a\" data-element_type=\"container\" data-settings=\"{&quot;background_background&quot;:&quot;gradient&quot;}\">\n\t\t<div class=\"elementor-element elementor-element-7aea8ae e-con-full e-flex e-con e-child\" data-id=\"7aea8ae\" data-element_type=\"container\">\n\t\t\t\t<div class=\"elementor-element elementor-element-e11c767 elementor-widget elementor-widget-image\" data-id=\"e11c767\" data-element_type=\"widget\" data-widget_type=\"image.default\">\n\t\t\t\t\t\t\t\t\t\t\t\t\t\t\t<img loading=\"lazy\" decoding=\"async\" width=\"640\" height=\"438\" src=\"https:\/\/mikujy.antweb.io\/wp-content\/uploads\/2025\/12\/Ivan-big.png\" class=\"attachment-large size-large wp-image-4078\" alt=\"\" srcset=\"https:\/\/mikujy.antweb.io\/wp-content\/uploads\/2025\/12\/Ivan-big.png 976w, https:\/\/mikujy.antweb.io\/wp-content\/uploads\/2025\/12\/Ivan-big-300x205.png 300w, https:\/\/mikujy.antweb.io\/wp-content\/uploads\/2025\/12\/Ivan-big-768x526.png 768w\" sizes=\"auto, (max-width: 640px) 100vw, 640px\" \/>\t\t\t\t\t\t\t\t\t\t\t\t\t\t\t<\/div>\n\t\t\t\t<\/div>\n\t\t<div class=\"elementor-element elementor-element-37a19f5 e-con-full e-flex e-con e-child\" data-id=\"37a19f5\" data-element_type=\"container\">\n\t\t\t\t<div class=\"elementor-element elementor-element-3a18e5d elementor-widget elementor-widget-heading\" data-id=\"3a18e5d\" data-element_type=\"widget\" data-widget_type=\"heading.default\">\n\t\t\t\t\t<span class=\"elementor-heading-title elementor-size-default\">Fondateur et PDG<\/span>\t\t\t\t<\/div>\n\t\t\t\t<div class=\"elementor-element elementor-element-d5fd7db elementor-widget__width-initial elementor-widget-mobile__width-inherit elementor-widget elementor-widget-heading\" data-id=\"d5fd7db\" data-element_type=\"widget\" data-widget_type=\"heading.default\">\n\t\t\t\t\t<span class=\"elementor-heading-title elementor-size-default\">Ivan Mariblanca \nFlinch<\/span>\t\t\t\t<\/div>\n\t\t\t\t<div class=\"elementor-element elementor-element-0842cdc elementor-widget elementor-widget-text-editor\" data-id=\"0842cdc\" data-element_type=\"widget\" data-widget_type=\"text-editor.default\">\n\t\t\t\t\t\t\t\t\t<p data-start=\"82\" data-end=\"156\"><em><strong data-start=\"82\" data-end=\"156\">Auditeur suisse le plus exp\u00e9riment\u00e9 en mati\u00e8re de durabilit\u00e9 num\u00e9rique<\/strong><\/em><\/p><ul><li>Conf\u00e9rencier externe pour des universit\u00e9s suisses<\/li><li>Auteur du livre <a href=\"https:\/\/librairie.bod.fr\/un-autre-univers-numerique-est-possible-ivan-mariblanca-flinch-9782322035953\">\u00ab Un autre univers num\u00e9rique est possible \u00bb<\/a><\/li><\/ul>\t\t\t\t\t\t\t\t<\/div>\n\t\t\t\t<\/div>\n\t\t\t\t<\/div>\n\t\t\t\t\t<\/div>\n\t\t\t\t<\/div>\n\t\t<div class=\"elementor-element elementor-element-3da6c5c e-flex e-con-boxed e-con e-parent\" data-id=\"3da6c5c\" data-element_type=\"container\">\n\t\t\t\t\t<div class=\"e-con-inner\">\n\t\t\t\t<div class=\"elementor-element elementor-element-4eb4974 elementor-widget elementor-widget-heading\" data-id=\"4eb4974\" data-element_type=\"widget\" data-widget_type=\"heading.default\">\n\t\t\t\t\t<h2 class=\"elementor-heading-title elementor-size-default\">Pourquoi choisir MIKUJY ?<\/h2>\t\t\t\t<\/div>\n\t\t<div class=\"elementor-element elementor-element-4401bc6 e-con-full e-flex e-con e-child\" data-id=\"4401bc6\" data-element_type=\"container\">\n\t\t\t\t<div class=\"elementor-element elementor-element-16f2be3 elementor-widget__width-initial elementor-widget-mobile__width-inherit elementor-widget elementor-widget-image-box\" data-id=\"16f2be3\" data-element_type=\"widget\" data-widget_type=\"image-box.default\">\n\t\t\t\t\t<div class=\"elementor-image-box-wrapper\"><div class=\"elementor-image-box-content\"><h3 class=\"elementor-image-box-title\">Sp\u00e9cialisation<\/h3><p class=\"elementor-image-box-description\">Expertise \u00e9prouv\u00e9e dans les projets complexes li\u00e9s \u00e0 la durabilit\u00e9 num\u00e9rique.<\/p><\/div><\/div>\t\t\t\t<\/div>\n\t\t\t\t<div class=\"elementor-element elementor-element-e362b16 elementor-widget__width-initial elementor-widget-mobile__width-inherit elementor-widget elementor-widget-image-box\" data-id=\"e362b16\" data-element_type=\"widget\" data-widget_type=\"image-box.default\">\n\t\t\t\t\t<div class=\"elementor-image-box-wrapper\"><div class=\"elementor-image-box-content\"><h3 class=\"elementor-image-box-title\">Adaptabilit\u00e9<\/h3><p class=\"elementor-image-box-description\">Des strat\u00e9gies sur mesure adapt\u00e9es \u00e0 la taille, au secteur et aux objectifs de votre organisation.<\/p><\/div><\/div>\t\t\t\t<\/div>\n\t\t\t\t<div class=\"elementor-element elementor-element-50df434 elementor-widget__width-initial elementor-widget-mobile__width-inherit elementor-widget elementor-widget-image-box\" data-id=\"50df434\" data-element_type=\"widget\" data-widget_type=\"image-box.default\">\n\t\t\t\t\t<div class=\"elementor-image-box-wrapper\"><div class=\"elementor-image-box-content\"><h3 class=\"elementor-image-box-title\">Mise en \u0153uvre<\/h3><p class=\"elementor-image-box-description\">Assistance compl\u00e8te depuis l'audit jusqu'\u00e0 la gestion du changement et la certification.<\/p><\/div><\/div>\t\t\t\t<\/div>\n\t\t\t\t<\/div>\n\t\t\t\t<div class=\"elementor-element elementor-element-496d97f elementor-align-center elementor-widget elementor-widget-button\" data-id=\"496d97f\" data-element_type=\"widget\" data-widget_type=\"button.default\">\n\t\t\t\t\t\t\t\t\t\t<a class=\"elementor-button elementor-button-link elementor-size-sm\" href=\"#\">\n\t\t\t\t\t\t<span class=\"elementor-button-content-wrapper\">\n\t\t\t\t\t\t\t\t\t<span class=\"elementor-button-text\">Rencontrez les experts<\/span>\n\t\t\t\t\t<\/span>\n\t\t\t\t\t<\/a>\n\t\t\t\t\t\t\t\t<\/div>\n\t\t\t\t\t<\/div>\n\t\t\t\t<\/div>\n\t\t<div class=\"elementor-element elementor-element-9da16fc e-flex e-con-boxed e-con e-parent\" data-id=\"9da16fc\" data-element_type=\"container\">\n\t\t\t\t\t<div class=\"e-con-inner\">\n\t\t<div class=\"elementor-element elementor-element-9874dd3 e-con-full e-flex e-con e-child\" data-id=\"9874dd3\" data-element_type=\"container\">\n\t\t\t\t<div class=\"elementor-element elementor-element-2a02f05 elementor-widget__width-initial elementor-widget elementor-widget-heading\" data-id=\"2a02f05\" data-element_type=\"widget\" data-widget_type=\"heading.default\">\n\t\t\t\t\t<h2 class=\"elementor-heading-title elementor-size-default\">Ce que vous devez savoir sur\nles ateliers de sensibilisation<\/h2>\t\t\t\t<\/div>\n\t\t\t\t<\/div>\n\t\t\t\t<div class=\"elementor-element elementor-element-fd02de9 elementor-widget elementor-widget-genix-faq\" data-id=\"fd02de9\" data-element_type=\"widget\" data-widget_type=\"genix-faq.default\">\n\t\t\t\t<div class=\"elementor-widget-container\">\n\t\t\t\t\t\r\n\r\n        <div class=\"faq-wrap\">\r\n            <div class=\"accordion\" id=\"accordionExample\">\r\n                \r\n                    <div class=\"accordion-item active\">\r\n                        <h2 class=\"accordion-header\" id=\"headingOne-0\">\r\n                            <button class=\"accordion-button \" type=\"button\" data-bs-toggle=\"collapse\" data-bs-target=\"#collapseOne-0\" aria-expanded=\"true\" aria-controls=\"collapseOne-0\">\r\n                                Qu&#039;est-ce que je vais apprendre dans l&#039;atelier de sensibilisation au Green IT  ?                            <\/button>\r\n                        <\/h2>\r\n                        <div id=\"collapseOne-0\" class=\"accordion-collapse collapse show\" aria-labelledby=\"headingOne-0\" data-bs-parent=\"#accordionExample\">\r\n                            <div class=\"accordion-body\">\r\n                                <p>Dans nos ateliers, vous vous familiariserez avec les concepts fondamentaux de la pollution num\u00e9rique et du Green IT. Vous d\u00e9couvrirez l'importance de la r\u00e9duction de l'empreinte num\u00e9rique, de la strat\u00e9gie informatique verte, des meilleures pratiques num\u00e9riques et comment les appliquer efficacement dans votre organisation.\n<\/p>\r\n                            <\/div>\r\n                        <\/div>\r\n                    <\/div>\r\n                \r\n                    <div class=\"accordion-item \">\r\n                        <h2 class=\"accordion-header\" id=\"headingOne-1\">\r\n                            <button class=\"accordion-button collapsed\" type=\"button\" data-bs-toggle=\"collapse\" data-bs-target=\"#collapseOne-1\" aria-expanded=\"true\" aria-controls=\"collapseOne-1\">\r\n                                \u00c0 qui s&#039;adressent ces ateliers ?                            <\/button>\r\n                        <\/h2>\r\n                        <div id=\"collapseOne-1\" class=\"accordion-collapse collapse \" aria-labelledby=\"headingOne-1\" data-bs-parent=\"#accordionExample\">\r\n                            <div class=\"accordion-body\">\r\n                                <p>Nos ateliers sont destin\u00e9s \u00e0 tous les employ\u00e9s de l'entreprise. Aucune connaissance pr\u00e9alable en informatique ou en d\u00e9veloppement durable n'est requise. Ils sont fr\u00e9quemment suivis par des professionnels de l'informatique, du d\u00e9veloppement durable, des ressources humaines, de la communication et du marketing, des achats et de la gestion.<\/p>\r\n                            <\/div>\r\n                        <\/div>\r\n                    <\/div>\r\n                \r\n                    <div class=\"accordion-item \">\r\n                        <h2 class=\"accordion-header\" id=\"headingOne-2\">\r\n                            <button class=\"accordion-button collapsed\" type=\"button\" data-bs-toggle=\"collapse\" data-bs-target=\"#collapseOne-2\" aria-expanded=\"true\" aria-controls=\"collapseOne-2\">\r\n                                Quelle est la dur\u00e9e de l&#039;atelier et comment est-il structur\u00e9 ?                            <\/button>\r\n                        <\/h2>\r\n                        <div id=\"collapseOne-2\" class=\"accordion-collapse collapse \" aria-labelledby=\"headingOne-2\" data-bs-parent=\"#accordionExample\">\r\n                            <div class=\"accordion-body\">\r\n                                <p>Chaque atelier dure entre 2 et 4 heures, selon la disponibilit\u00e9 des participants. Il est structur\u00e9 en trois parties : une introduction avec des vid\u00e9os, un jeu d'intelligence collective en groupes pour \u00e9changer sur les avantages et les inconv\u00e9nients du num\u00e9rique, et une discussion sur les meilleures pratiques num\u00e9riques \u00e0 mettre en \u0153uvre au travail et \u00e0 la maison.<\/p>\r\n                            <\/div>\r\n                        <\/div>\r\n                    <\/div>\r\n                \r\n                    <div class=\"accordion-item \">\r\n                        <h2 class=\"accordion-header\" id=\"headingOne-3\">\r\n                            <button class=\"accordion-button collapsed\" type=\"button\" data-bs-toggle=\"collapse\" data-bs-target=\"#collapseOne-3\" aria-expanded=\"true\" aria-controls=\"collapseOne-3\">\r\n                                Ai-je besoin de connaissances pr\u00e9alables en mati\u00e8re d&#039;informatique verte pour participer ?                            <\/button>\r\n                        <\/h2>\r\n                        <div id=\"collapseOne-3\" class=\"accordion-collapse collapse \" aria-labelledby=\"headingOne-3\" data-bs-parent=\"#accordionExample\">\r\n                            <div class=\"accordion-body\">\r\n                                <p>Non. Les ateliers sont con\u00e7us pour fournir une base solide sur le sujet, rendant les informations accessibles aux participants de tous niveaux d'exp\u00e9rience et de tous horizons.<\/p>\r\n                            <\/div>\r\n                        <\/div>\r\n                    <\/div>\r\n                \r\n                    <div class=\"accordion-item \">\r\n                        <h2 class=\"accordion-header\" id=\"headingOne-4\">\r\n                            <button class=\"accordion-button collapsed\" type=\"button\" data-bs-toggle=\"collapse\" data-bs-target=\"#collapseOne-4\" aria-expanded=\"true\" aria-controls=\"collapseOne-4\">\r\n                                Comment puis-je m&#039;inscrire \u00e0 un atelier et combien cela co\u00fbte-t-il ?                            <\/button>\r\n                        <\/h2>\r\n                        <div id=\"collapseOne-4\" class=\"accordion-collapse collapse \" aria-labelledby=\"headingOne-4\" data-bs-parent=\"#accordionExample\">\r\n                            <div class=\"accordion-body\">\r\n                                <p>Vous pouvez nous contacter via notre page de contact. Les d\u00e9tails des co\u00fbts vous seront fournis en fonction du nombre de participants, du lieu et d'autres caract\u00e9ristiques.\n<\/p>\r\n                            <\/div>\r\n                        <\/div>\r\n                    <\/div>\r\n                            <\/div>\r\n        <\/div>\r\n\r\n\t\t\t\t<\/div>\n\t\t\t\t<\/div>\n\t\t\t\t<div class=\"elementor-element elementor-element-1476eb8 elementor-align-center elementor-widget elementor-widget-button\" data-id=\"1476eb8\" data-element_type=\"widget\" data-widget_type=\"button.default\">\n\t\t\t\t\t\t\t\t\t\t<a class=\"elementor-button elementor-button-link elementor-size-sm\" href=\"#\">\n\t\t\t\t\t\t<span class=\"elementor-button-content-wrapper\">\n\t\t\t\t\t\t\t\t\t<span class=\"elementor-button-text\">Contactez-nous<\/span>\n\t\t\t\t\t<\/span>\n\t\t\t\t\t<\/a>\n\t\t\t\t\t\t\t\t<\/div>\n\t\t\t\t\t<\/div>\n\t\t\t\t<\/div>\n\t\t\t\t<\/div>\n\t\t","protected":false},"excerpt":{"rendered":"<p>Ateliers sur durabilit\u00e9 num\u00e9rique pour la sensibilisation et l&rsquo;action Apprenez les bases de la durabilit\u00e9 num\u00e9rique, comprenez la pollution num\u00e9rique et acqu\u00e9rez les connaissances n\u00e9cessaires pour commencer \u00e0 \u00e9laborer une strat\u00e9gie de durabilit\u00e9 num\u00e9rique. Contactez nos experts Que se passe-t-il dans nos ateliers ? Nos ateliers Green IT sont con\u00e7us pour rendre le sujet de [&hellip;]<\/p>\n","protected":false},"author":1,"featured_media":0,"parent":0,"menu_order":0,"comment_status":"closed","ping_status":"closed","template":"elementor_header_footer","meta":{"_acf_changed":false,"footnotes":""},"class_list":["post-4176","page","type-page","status-publish","hentry"],"acf":[],"_links":{"self":[{"href":"https:\/\/mikujy.antweb.io\/fr\/index.php\/wp-json\/wp\/v2\/pages\/4176","targetHints":{"allow":["GET"]}}],"collection":[{"href":"https:\/\/mikujy.antweb.io\/fr\/index.php\/wp-json\/wp\/v2\/pages"}],"about":[{"href":"https:\/\/mikujy.antweb.io\/fr\/index.php\/wp-json\/wp\/v2\/types\/page"}],"author":[{"embeddable":true,"href":"https:\/\/mikujy.antweb.io\/fr\/index.php\/wp-json\/wp\/v2\/users\/1"}],"replies":[{"embeddable":true,"href":"https:\/\/mikujy.antweb.io\/fr\/index.php\/wp-json\/wp\/v2\/comments?post=4176"}],"version-history":[{"count":16,"href":"https:\/\/mikujy.antweb.io\/fr\/index.php\/wp-json\/wp\/v2\/pages\/4176\/revisions"}],"predecessor-version":[{"id":4799,"href":"https:\/\/mikujy.antweb.io\/fr\/index.php\/wp-json\/wp\/v2\/pages\/4176\/revisions\/4799"}],"wp:attachment":[{"href":"https:\/\/mikujy.antweb.io\/fr\/index.php\/wp-json\/wp\/v2\/media?parent=4176"}],"curies":[{"name":"wp","href":"https:\/\/api.w.org\/{rel}","templated":true}]}}